{"id":2865,"date":"2025-12-19T15:03:44","date_gmt":"2025-12-19T20:03:44","guid":{"rendered":"https:\/\/compassionu.app\/pagina-de-destino-empresarial-campana\/"},"modified":"2026-03-31T15:21:19","modified_gmt":"2026-03-31T19:21:19","slug":"pagina-de-destino-empresarial-campana","status":"publish","type":"page","link":"https:\/\/compassionu.app\/es\/pagina-de-destino-empresarial-campana\/","title":{"rendered":"P\u00e1gina de destino empresarial &#8211; Campa\u00f1a"},"content":{"rendered":"\t\t<div data-elementor-type=\"wp-page\" data-elementor-id=\"2865\" class=\"elementor elementor-2865 elementor-2556\" data-elementor-post-type=\"page\">\n\t\t\t\t<div class=\"elementor-element elementor-element-8f31ebb e-flex e-con-boxed e-con e-parent\" data-id=\"8f31ebb\" data-element_type=\"container\" data-e-type=\"container\">\n\t\t\t\t\t<div class=\"e-con-inner\">\n\t\t<div class=\"elementor-element elementor-element-96a3f5a e-flex e-con-boxed e-con e-child\" data-id=\"96a3f5a\" data-element_type=\"container\" data-e-type=\"container\">\n\t\t\t\t\t<div class=\"e-con-inner\">\n\t\t<div class=\"elementor-element elementor-element-3c386a1 e-con-full e-flex e-con e-child\" data-id=\"3c386a1\" data-element_type=\"container\" data-e-type=\"container\">\n\t\t\t\t<div class=\"elementor-element elementor-element-995da96 elementor-widget elementor-widget-heading\" data-id=\"995da96\" data-element_type=\"widget\" data-e-type=\"widget\" data-widget_type=\"heading.default\">\n\t\t\t\t<div class=\"elementor-widget-container\">\n\t\t\t\t\t<h2 class=\"elementor-heading-title elementor-size-default\">Ver <span class=\"highlight-bald\"> resultados<\/span> con el<br \/>pr\u00e1ctica de la compasi\u00f3n<\/h2>\t\t\t\t<\/div>\n\t\t\t\t<\/div>\n\t\t\t\t<\/div>\n\t\t<div class=\"elementor-element elementor-element-bb5fa1e e-con-full e-flex e-con e-child\" data-id=\"bb5fa1e\" data-element_type=\"container\" data-e-type=\"container\">\n\t\t\t\t<div class=\"elementor-element elementor-element-0228e38 elementor-widget elementor-widget-text-editor\" data-id=\"0228e38\" data-element_type=\"widget\" data-e-type=\"widget\" data-widget_type=\"text-editor.default\">\n\t\t\t\t<div class=\"elementor-widget-container\">\n\t\t\t\t\t\t\t\t\t<p class=\"framer-styles-preset-e9mry4\" data-styles-preset=\"eybHQXUcB\" data-pm-slice=\"1 1 []\">La compasi\u00f3n tiene el poder de mejorar los resultados laborales de los profesionales de negocios y l\u00edderes al mejorar la conexi\u00f3n y el compromiso.<\/p>\t\t\t\t\t\t\t\t<\/div>\n\t\t\t\t<\/div>\n\t\t\t\t<div class=\"elementor-element elementor-element-d7d792a elementor-align-center elementor-mobile-align-center elementor-widget elementor-widget-button\" data-id=\"d7d792a\" data-element_type=\"widget\" data-e-type=\"widget\" data-widget_type=\"button.default\">\n\t\t\t\t<div class=\"elementor-widget-container\">\n\t\t\t\t\t\t\t\t\t<div class=\"elementor-button-wrapper\">\n\t\t\t\t\t<a class=\"elementor-button elementor-button-link elementor-size-sm\" href=\"https:\/\/compassionu.app\/es\/entrenamiento-en-compasion-para-las-empresas-y-el-liderazgo\/\">\n\t\t\t\t\t\t<span class=\"elementor-button-content-wrapper\">\n\t\t\t\t\t\t\t\t\t<span class=\"elementor-button-text\">Empieza<\/span>\n\t\t\t\t\t<\/span>\n\t\t\t\t\t<\/a>\n\t\t\t\t<\/div>\n\t\t\t\t\t\t\t\t<\/div>\n\t\t\t\t<\/div>\n\t\t\t\t<\/div>\n\t\t\t\t\t<\/div>\n\t\t\t\t<\/div>\n\t\t\t\t\t<\/div>\n\t\t\t\t<\/div>\n\t\t<div class=\"elementor-element elementor-element-b686421 e-flex e-con-boxed e-con e-parent\" data-id=\"b686421\" data-element_type=\"container\" data-e-type=\"container\">\n\t\t\t\t\t<div class=\"e-con-inner\">\n\t\t<div class=\"elementor-element elementor-element-37cc1e9 e-con-full e-flex e-con e-child\" data-id=\"37cc1e9\" data-element_type=\"container\" data-e-type=\"container\" data-settings=\"{&quot;background_background&quot;:&quot;classic&quot;}\">\n\t\t\t\t<\/div>\n\t\t\t\t\t<\/div>\n\t\t\t\t<\/div>\n\t\t<div class=\"elementor-element elementor-element-5fb27c1 e-flex e-con-boxed e-con e-parent\" data-id=\"5fb27c1\" data-element_type=\"container\" data-e-type=\"container\" data-settings=\"{&quot;background_background&quot;:&quot;classic&quot;}\">\n\t\t\t\t\t<div class=\"e-con-inner\">\n\t\t<div class=\"elementor-element elementor-element-06d2ad7 e-con-full e-flex e-con e-child\" data-id=\"06d2ad7\" data-element_type=\"container\" data-e-type=\"container\" data-settings=\"{&quot;background_background&quot;:&quot;classic&quot;}\">\n\t\t<div class=\"elementor-element elementor-element-cdc36ef e-con-full e-flex e-con e-child\" data-id=\"cdc36ef\" data-element_type=\"container\" data-e-type=\"container\">\n\t\t\t\t<div class=\"elementor-element elementor-element-b93d611 elementor-widget elementor-widget-heading\" data-id=\"b93d611\" data-element_type=\"widget\" data-e-type=\"widget\" data-widget_type=\"heading.default\">\n\t\t\t\t<div class=\"elementor-widget-container\">\n\t\t\t\t\t<h2 class=\"elementor-heading-title elementor-size-default\">La compasi\u00f3n como <span class=\"empha highlight-bald\">estrategia<\/span><\/h2>\t\t\t\t<\/div>\n\t\t\t\t<\/div>\n\t\t\t\t<\/div>\n\t\t<div class=\"elementor-element elementor-element-2f23ba2 e-con-full e-flex e-con e-child\" data-id=\"2f23ba2\" data-element_type=\"container\" data-e-type=\"container\">\n\t\t\t\t<div class=\"elementor-element elementor-element-d232205 elementor-widget elementor-widget-text-editor\" data-id=\"d232205\" data-element_type=\"widget\" data-e-type=\"widget\" data-widget_type=\"text-editor.default\">\n\t\t\t\t<div class=\"elementor-widget-container\">\n\t\t\t\t\t\t\t\t\t<p class=\"framer-styles-preset-t36h3\" data-styles-preset=\"TcFcRU5Ne\" data-pm-slice=\"1 1 []\">La desconexi\u00f3n, el estr\u00e9s emocional y la baja participaci\u00f3n est\u00e1n frenando a las empresas. Con Compassion U, los profesionales pueden beneficiarse de una capacitaci\u00f3n estructurada basada en investigaciones que toma lo que alguna vez se consider\u00f3 una \u201chabilidad blanda\u201d y la convierte en un multiplicador de fuerza en todos los \u00e1mbitos empresariales.<\/p><p class=\"framer-styles-preset-t36h3\" data-styles-preset=\"TcFcRU5Ne\" data-pm-slice=\"1 1 []\"><\/p><p><\/p>\t\t\t\t\t\t\t\t<\/div>\n\t\t\t\t<\/div>\n\t\t\t\t<div class=\"elementor-element elementor-element-3ebd692 elementor-align-left elementor-mobile-align-left elementor-widget elementor-widget-button\" data-id=\"3ebd692\" data-element_type=\"widget\" data-e-type=\"widget\" data-widget_type=\"button.default\">\n\t\t\t\t<div class=\"elementor-widget-container\">\n\t\t\t\t\t\t\t\t\t<div class=\"elementor-button-wrapper\">\n\t\t\t\t\t<a class=\"elementor-button elementor-button-link elementor-size-sm\" href=\"https:\/\/my.compassionu.app\/register\/?redirect_to=https:\/\/my.compassionu.app\/subscription-perks\/?target_cbct=95\">\n\t\t\t\t\t\t<span class=\"elementor-button-content-wrapper\">\n\t\t\t\t\t\t\t\t\t<span class=\"elementor-button-text\">Empieza<\/span>\n\t\t\t\t\t<\/span>\n\t\t\t\t\t<\/a>\n\t\t\t\t<\/div>\n\t\t\t\t\t\t\t\t<\/div>\n\t\t\t\t<\/div>\n\t\t\t\t<\/div>\n\t\t\t\t<\/div>\n\t\t\t\t\t<\/div>\n\t\t\t\t<\/div>\n\t\t\t\t<\/div>\n\t\t","protected":false},"excerpt":{"rendered":"<p>Ver resultados con elpr\u00e1ctica de la compasi\u00f3n La compasi\u00f3n tiene el poder de mejorar los resultados laborales de los profesionales de negocios y l\u00edderes al mejorar la conexi\u00f3n y el compromiso. Empieza La compasi\u00f3n como estrategia La desconexi\u00f3n, el estr\u00e9s emocional y la baja participaci\u00f3n est\u00e1n frenando a las empresas. Con Compassion U, los profesionales [&hellip;]<\/p>\n","protected":false},"author":2,"featured_media":0,"parent":0,"menu_order":0,"comment_status":"closed","ping_status":"closed","template":"","meta":{"inline_featured_image":false,"footnotes":""},"class_list":["post-2865","page","type-page","status-publish","hentry"],"yoast_head":"<!-- This site is optimized with the Yoast SEO plugin v27.5 - https:\/\/yoast.com\/product\/yoast-seo-wordpress\/ -->\n<title>P\u00e1gina de destino empresarial - Campa\u00f1a - Compassion U<\/title>\n<meta name=\"robots\" content=\"index, follow, max-snippet:-1, max-image-preview:large, max-video-preview:-1\" \/>\n<link rel=\"canonical\" href=\"https:\/\/compassionu.app\/es\/pagina-de-destino-empresarial-campana\/\" \/>\n<meta property=\"og:locale\" content=\"es_ES\" \/>\n<meta property=\"og:type\" content=\"article\" \/>\n<meta property=\"og:title\" content=\"P\u00e1gina de destino empresarial - Campa\u00f1a - Compassion U\" \/>\n<meta property=\"og:description\" content=\"Ver resultados con elpr\u00e1ctica de la compasi\u00f3n La compasi\u00f3n tiene el poder de mejorar los resultados laborales de los profesionales de negocios y l\u00edderes al mejorar la conexi\u00f3n y el compromiso. Empieza La compasi\u00f3n como estrategia La desconexi\u00f3n, el estr\u00e9s emocional y la baja participaci\u00f3n est\u00e1n frenando a las empresas. Con Compassion U, los profesionales [&hellip;]\" \/>\n<meta property=\"og:url\" content=\"https:\/\/compassionu.app\/es\/pagina-de-destino-empresarial-campana\/\" \/>\n<meta property=\"og:site_name\" content=\"Compassion U\" \/>\n<meta property=\"article:modified_time\" content=\"2026-03-31T19:21:19+00:00\" \/>\n<meta name=\"twitter:card\" content=\"summary_large_image\" \/>\n<meta name=\"twitter:label1\" content=\"Tiempo de lectura\" \/>\n\t<meta name=\"twitter:data1\" content=\"1 minuto\" \/>\n<script type=\"application\/ld+json\" class=\"yoast-schema-graph\">{\"@context\":\"https:\\\/\\\/schema.org\",\"@graph\":[{\"@type\":\"WebPage\",\"@id\":\"https:\\\/\\\/compassionu.app\\\/es\\\/pagina-de-destino-empresarial-campana\\\/\",\"url\":\"https:\\\/\\\/compassionu.app\\\/es\\\/pagina-de-destino-empresarial-campana\\\/\",\"name\":\"P\u00e1gina de destino empresarial - Campa\u00f1a - Compassion U\",\"isPartOf\":{\"@id\":\"https:\\\/\\\/compassionu.app\\\/es\\\/#website\"},\"datePublished\":\"2025-12-19T20:03:44+00:00\",\"dateModified\":\"2026-03-31T19:21:19+00:00\",\"breadcrumb\":{\"@id\":\"https:\\\/\\\/compassionu.app\\\/es\\\/pagina-de-destino-empresarial-campana\\\/#breadcrumb\"},\"inLanguage\":\"es\",\"potentialAction\":[{\"@type\":\"ReadAction\",\"target\":[\"https:\\\/\\\/compassionu.app\\\/es\\\/pagina-de-destino-empresarial-campana\\\/\"]}]},{\"@type\":\"BreadcrumbList\",\"@id\":\"https:\\\/\\\/compassionu.app\\\/es\\\/pagina-de-destino-empresarial-campana\\\/#breadcrumb\",\"itemListElement\":[{\"@type\":\"ListItem\",\"position\":1,\"name\":\"Home\",\"item\":\"https:\\\/\\\/compassionu.app\\\/es\\\/inicio\\\/\"},{\"@type\":\"ListItem\",\"position\":2,\"name\":\"P\u00e1gina de destino empresarial &#8211; Campa\u00f1a\"}]},{\"@type\":\"WebSite\",\"@id\":\"https:\\\/\\\/compassionu.app\\\/es\\\/#website\",\"url\":\"https:\\\/\\\/compassionu.app\\\/es\\\/\",\"name\":\"Compassion U\",\"description\":\"\",\"potentialAction\":[{\"@type\":\"SearchAction\",\"target\":{\"@type\":\"EntryPoint\",\"urlTemplate\":\"https:\\\/\\\/compassionu.app\\\/es\\\/?s={search_term_string}\"},\"query-input\":{\"@type\":\"PropertyValueSpecification\",\"valueRequired\":true,\"valueName\":\"search_term_string\"}}],\"inLanguage\":\"es\"}]}<\/script>\n<!-- \/ Yoast SEO plugin. -->","yoast_head_json":{"title":"P\u00e1gina de destino empresarial - Campa\u00f1a - Compassion U","robots":{"index":"index","follow":"follow","max-snippet":"max-snippet:-1","max-image-preview":"max-image-preview:large","max-video-preview":"max-video-preview:-1"},"canonical":"https:\/\/compassionu.app\/es\/pagina-de-destino-empresarial-campana\/","og_locale":"es_ES","og_type":"article","og_title":"P\u00e1gina de destino empresarial - Campa\u00f1a - Compassion U","og_description":"Ver resultados con elpr\u00e1ctica de la compasi\u00f3n La compasi\u00f3n tiene el poder de mejorar los resultados laborales de los profesionales de negocios y l\u00edderes al mejorar la conexi\u00f3n y el compromiso. Empieza La compasi\u00f3n como estrategia La desconexi\u00f3n, el estr\u00e9s emocional y la baja participaci\u00f3n est\u00e1n frenando a las empresas. Con Compassion U, los profesionales [&hellip;]","og_url":"https:\/\/compassionu.app\/es\/pagina-de-destino-empresarial-campana\/","og_site_name":"Compassion U","article_modified_time":"2026-03-31T19:21:19+00:00","twitter_card":"summary_large_image","twitter_misc":{"Tiempo de lectura":"1 minuto"},"schema":{"@context":"https:\/\/schema.org","@graph":[{"@type":"WebPage","@id":"https:\/\/compassionu.app\/es\/pagina-de-destino-empresarial-campana\/","url":"https:\/\/compassionu.app\/es\/pagina-de-destino-empresarial-campana\/","name":"P\u00e1gina de destino empresarial - Campa\u00f1a - Compassion U","isPartOf":{"@id":"https:\/\/compassionu.app\/es\/#website"},"datePublished":"2025-12-19T20:03:44+00:00","dateModified":"2026-03-31T19:21:19+00:00","breadcrumb":{"@id":"https:\/\/compassionu.app\/es\/pagina-de-destino-empresarial-campana\/#breadcrumb"},"inLanguage":"es","potentialAction":[{"@type":"ReadAction","target":["https:\/\/compassionu.app\/es\/pagina-de-destino-empresarial-campana\/"]}]},{"@type":"BreadcrumbList","@id":"https:\/\/compassionu.app\/es\/pagina-de-destino-empresarial-campana\/#breadcrumb","itemListElement":[{"@type":"ListItem","position":1,"name":"Home","item":"https:\/\/compassionu.app\/es\/inicio\/"},{"@type":"ListItem","position":2,"name":"P\u00e1gina de destino empresarial &#8211; Campa\u00f1a"}]},{"@type":"WebSite","@id":"https:\/\/compassionu.app\/es\/#website","url":"https:\/\/compassionu.app\/es\/","name":"Compassion U","description":"","potentialAction":[{"@type":"SearchAction","target":{"@type":"EntryPoint","urlTemplate":"https:\/\/compassionu.app\/es\/?s={search_term_string}"},"query-input":{"@type":"PropertyValueSpecification","valueRequired":true,"valueName":"search_term_string"}}],"inLanguage":"es"}]}},"_links":{"self":[{"href":"https:\/\/compassionu.app\/es\/wp-json\/wp\/v2\/pages\/2865","targetHints":{"allow":["GET"]}}],"collection":[{"href":"https:\/\/compassionu.app\/es\/wp-json\/wp\/v2\/pages"}],"about":[{"href":"https:\/\/compassionu.app\/es\/wp-json\/wp\/v2\/types\/page"}],"author":[{"embeddable":true,"href":"https:\/\/compassionu.app\/es\/wp-json\/wp\/v2\/users\/2"}],"replies":[{"embeddable":true,"href":"https:\/\/compassionu.app\/es\/wp-json\/wp\/v2\/comments?post=2865"}],"version-history":[{"count":1,"href":"https:\/\/compassionu.app\/es\/wp-json\/wp\/v2\/pages\/2865\/revisions"}],"predecessor-version":[{"id":2879,"href":"https:\/\/compassionu.app\/es\/wp-json\/wp\/v2\/pages\/2865\/revisions\/2879"}],"wp:attachment":[{"href":"https:\/\/compassionu.app\/es\/wp-json\/wp\/v2\/media?parent=2865"}],"curies":[{"name":"wp","href":"https:\/\/api.w.org\/{rel}","templated":true}]}}